{"id":103,"date":"2023-11-28T16:27:16","date_gmt":"2023-11-28T15:27:16","guid":{"rendered":"https:\/\/homedeco3d.com\/?page_id=103"},"modified":"2023-11-30T23:04:41","modified_gmt":"2023-11-30T22:04:41","slug":"mentions-legales","status":"publish","type":"page","link":"https:\/\/homedeco3d.com\/index.php\/mentions-legales\/","title":{"rendered":"Mentions l\u00e9gales"},"content":{"rendered":"\n<h1 class=\"wp-block-heading alignwide has-text-align-center has-text-color\" style=\"color:#62737b\">Mentions l\u00e9gales<\/h1>\n\n\n\n<p class=\"has-text-align-center\">En vigueur au 05\/04\/2023<\/p>\n\n\n\n<p class=\"has-text-align-center\">Conform\u00e9ment aux dispositions des Articles 6-III et 19 de la Loi n\u00b02004-575 du 21 juin 2004 pour la Confiance dans l\u2019\u00e9conomie num\u00e9rique, dite L.C.E.N., il est port\u00e9 \u00e0 la connaissance des utilisateurs et visiteurs du site  &#8220;www.homedeco3d.com&#8221;, les pr\u00e9sentes mentions l\u00e9gales.<\/p>\n\n\n\n<p class=\"has-text-align-center\">La connexion et la navigation sur le Site par l\u2019Utilisateur implique acceptation int\u00e9grale et sans r\u00e9serve des pr\u00e9sentes mentions l\u00e9gales.<\/p>\n\n\n\n<p class=\"has-text-align-center\">Ces derni\u00e8res sont accessibles sur le Site \u00e0 la rubrique \u00ab <strong>Mentions l\u00e9gales<\/strong> \u00bb.<\/p>\n\n\n\n<h2 class=\"wp-block-heading has-text-align-center has-text-color\" style=\"color:#62737b\">ARTICLE 1 &#8211; L&#8217;EDITEUR<\/h2>\n\n\n\n<p class=\"has-text-align-center\">L\u2019\u00e9dition et la direction de la publication du Site est assur\u00e9e par Ga\u00ebl BERGARA EI, domicili\u00e9e 19 rue de la Mare d&#8217;Oignon 60127 MORIENVAL, dont le num\u00e9ro de t\u00e9l\u00e9phone est 0683529918 et l&#8217;adresse e-mail contact@nk9concept.com.<\/p>\n\n\n\n<p class=\"has-text-align-center\">La personne est assujettie au Registre du Commerce et des Soci\u00e9t\u00e9s de Compi\u00e8gne sous le num\u00e9ro 951 286 954 000 15.<\/p>\n\n\n\n<h2 class=\"wp-block-heading has-text-align-center has-text-color\" style=\"color:#62737b\">ARTICLE 2 &#8211; L&#8217;HEBERGEUR<\/h2>\n\n\n\n<p class=\"has-text-align-center\">L&#8217;h\u00e9bergeur du Site est la soci\u00e9t\u00e9 HOSTINGER INTERNATIONAL LTD, dont le si\u00e8ge social est situ\u00e9 , 61 Lordou Vironos Street, 6023 Larnaca, Chypre, joignable par le moyen suivant : <a rel=\"noreferrer noopener\" href=\"https:\/\/www.hostinger.fr\/contact\" target=\"_blank\">https:\/\/www.hostinger.fr\/contact<\/a>.<\/p>\n\n\n\n<h2 class=\"wp-block-heading has-text-align-center has-text-color\" style=\"color:#62737b\">ARTICLE 3 &#8211; ACCES AU SITE<\/h2>\n\n\n\n<p class=\"has-text-align-center\">Le Site est accessible en tout endroit, 7j\/7, 24h\/24 sauf cas de force majeure, interruption programm\u00e9e ou non et pouvant d\u00e9coulant d\u2019une n\u00e9cessit\u00e9 de maintenance.<\/p>\n\n\n\n<p class=\"has-text-align-center\">En cas de modification, interruption ou suspension du Site, l&#8217;Editeur ne saurait \u00eatre tenu responsable.<\/p>\n\n\n\n<h2 class=\"wp-block-heading has-text-align-center has-text-color\" style=\"color:#62737b\">ARTICLE 4 &#8211; COLLECTE DES DONNEES<\/h2>\n\n\n\n<p class=\"has-text-align-center\">Le Site assure \u00e0 l&#8217;Utilisateur une collecte et un traitement d&#8217;informations personnelles dans le respect de la vie priv\u00e9e conform\u00e9ment \u00e0 la loi n\u00b078-17 du 6 janvier 1978 relative \u00e0 l&#8217;informatique, aux fichiers et aux libert\u00e9s.<\/p>\n\n\n\n<p class=\"has-text-align-center\">En vertu de la loi Informatique et Libert\u00e9s, en date du 6 janvier 1978, l&#8217;Utilisateur dispose d&#8217;un droit d&#8217;acc\u00e8s, de rectification, de suppression et d&#8217;opposition de ses donn\u00e9es personnelles. L&#8217;Utilisateur exerce ce droit : par mail \u00e0 l&#8217;adresse email contact@cakedecoaccessories.com<\/p>\n\n\n\n<p class=\"has-text-align-center\">Toute utilisation, reproduction, diffusion, commercialisation, modification de toute ou partie du Site, sans autorisation de l\u2019Editeur est prohib\u00e9e et pourra entra\u00een\u00e9e des actions et poursuites judiciaires telles que notamment pr\u00e9vues par le Code de la propri\u00e9t\u00e9 intellectuelle et le Code civil.<\/p>\n\n\n\n<h2 class=\"wp-block-heading has-text-align-center has-text-color\" style=\"color:#62737b\">ARTICLE 5 &#8211; COOKIES<\/h2>\n\n\n\n<p class=\"has-text-align-center\">L\u2019Utilisateur est inform\u00e9 que lors de ses visites sur le site, un cookie peut s\u2019installer automatiquement sur son logiciel de navigation.<\/p>\n\n\n\n<p class=\"has-text-align-center\">En naviguant sur le site, il les accepte.<\/p>\n\n\n\n<p class=\"has-text-align-center\">Un cookie est un \u00e9l\u00e9ment qui ne permet pas d\u2019identifier l\u2019Utilisateur mais sert \u00e0 enregistrer des informations relatives \u00e0 la navigation de celui-ci sur le site Internet. L\u2019Utilisateur pourra d\u00e9sactiver ce cookie par l\u2019interm\u00e9diaire des param\u00e8tres figurant au sein de son logiciel de navigation.<\/p>\n\n\n\n<p class=\"has-theme-palette-9-color has-text-color has-link-color wp-elements-84e3fcde7f113537b9bfcbb107462716\">dede<\/p>\n","protected":false},"excerpt":{"rendered":"<p>Mentions l\u00e9gales En vigueur au 05\/04\/2023 Conform\u00e9ment aux dispositions des Articles 6-III et 19 de la Loi n\u00b02004-575 du 21 juin 2004 pour la Confiance dans l\u2019\u00e9conomie num\u00e9rique, dite L.C.E.N., il est port\u00e9 \u00e0 la connaissance des utilisateurs et visiteurs du site &#8220;www.homedeco3d.com&#8221;, les pr\u00e9sentes mentions l\u00e9gales. La connexion et la navigation sur le Site&#8230;<\/p>\n","protected":false},"author":1,"featured_media":0,"parent":0,"menu_order":0,"comment_status":"closed","ping_status":"closed","template":"","meta":{"_kad_post_transparent":"","_kad_post_title":"","_kad_post_layout":"","_kad_post_sidebar_id":"","_kad_post_content_style":"","_kad_post_vertical_padding":"","_kad_post_feature":"","_kad_post_feature_position":"","_kad_post_header":false,"_kad_post_footer":false,"footnotes":""},"_links":{"self":[{"href":"https:\/\/homedeco3d.com\/index.php\/wp-json\/wp\/v2\/pages\/103"}],"collection":[{"href":"https:\/\/homedeco3d.com\/index.php\/wp-json\/wp\/v2\/pages"}],"about":[{"href":"https:\/\/homedeco3d.com\/index.php\/wp-json\/wp\/v2\/types\/page"}],"author":[{"embeddable":true,"href":"https:\/\/homedeco3d.com\/index.php\/wp-json\/wp\/v2\/users\/1"}],"replies":[{"embeddable":true,"href":"https:\/\/homedeco3d.com\/index.php\/wp-json\/wp\/v2\/comments?post=103"}],"version-history":[{"count":3,"href":"https:\/\/homedeco3d.com\/index.php\/wp-json\/wp\/v2\/pages\/103\/revisions"}],"predecessor-version":[{"id":206,"href":"https:\/\/homedeco3d.com\/index.php\/wp-json\/wp\/v2\/pages\/103\/revisions\/206"}],"wp:attachment":[{"href":"https:\/\/homedeco3d.com\/index.php\/wp-json\/wp\/v2\/media?parent=103"}],"curies":[{"name":"wp","href":"https:\/\/api.w.org\/{rel}","templated":true}]}}