{"id":14,"date":"2023-11-20T10:20:01","date_gmt":"2023-11-20T09:20:01","guid":{"rendered":"https:\/\/homedeco3d.com\/?page_id=14"},"modified":"2023-12-01T14:22:53","modified_gmt":"2023-12-01T13:22:53","slug":"produits","status":"publish","type":"page","link":"https:\/\/homedeco3d.com\/index.php\/produits\/","title":{"rendered":"Produits"},"content":{"rendered":"<style>.kb-row-layout-id14_05fb89-88 > .kt-row-column-wrap{align-content:start;}:where(.kb-row-layout-id14_05fb89-88 > .kt-row-column-wrap) > .wp-block-kadence-column{justify-content:start;}.kb-row-layout-id14_05fb89-88 > .kt-row-column-wrap{column-gap:var(--global-kb-gap-md, 2rem);row-gap:var(--global-kb-gap-md, 2rem);padding-top:var(--global-kb-spacing-sm, 1.5rem);padding-bottom:var(--global-kb-spacing-sm, 1.5rem);grid-template-columns:repeat(2, minmax(0, 1fr));}.kb-row-layout-id14_05fb89-88 > .kt-row-layout-overlay{opacity:0.30;}@media all and (max-width: 1024px){.kb-row-layout-id14_05fb89-88 > .kt-row-column-wrap{grid-template-columns:repeat(2, minmax(0, 1fr));}}@media all and (max-width: 767px){.kb-row-layout-id14_05fb89-88 > .kt-row-column-wrap{grid-template-columns:minmax(0, 1fr);}}<\/style><div class=\"kb-row-layout-wrap kb-row-layout-id14_05fb89-88 alignnone wp-block-kadence-rowlayout\"><div class=\"kt-row-column-wrap kt-has-2-columns kt-row-layout-equal kt-tab-layout-inherit kt-mobile-layout-row kt-row-valign-top\">\n<style>.kadence-column14_dc0033-28 > .kt-inside-inner-col,.kadence-column14_dc0033-28 > .kt-inside-inner-col:before{border-top-left-radius:0px;border-top-right-radius:0px;border-bottom-right-radius:0px;border-bottom-left-radius:0px;}.kadence-column14_dc0033-28 > .kt-inside-inner-col{column-gap:var(--global-kb-gap-sm, 1rem);}.kadence-column14_dc0033-28 > .kt-inside-inner-col{flex-direction:column;}.kadence-column14_dc0033-28 > .kt-inside-inner-col > .aligncenter{width:100%;}.kadence-column14_dc0033-28 > .kt-inside-inner-col:before{opacity:0.3;}.kadence-column14_dc0033-28{position:relative;}@media all and (max-width: 1024px){.kadence-column14_dc0033-28 > .kt-inside-inner-col{flex-direction:column;}}@media all and (max-width: 767px){.kadence-column14_dc0033-28 > .kt-inside-inner-col{flex-direction:column;}}<\/style>\n<div class=\"wp-block-kadence-column kadence-column14_dc0033-28\"><div class=\"kt-inside-inner-col\">\n<div class=\"wp-block-cover\"><span aria-hidden=\"true\" class=\"wp-block-cover__background has-background-dim-40 has-background-dim\"><\/span><img loading=\"lazy\" decoding=\"async\" width=\"2560\" height=\"1920\" class=\"wp-block-cover__image-background wp-image-263\" alt=\"\" src=\"https:\/\/homedeco3d.com\/wp-content\/uploads\/2023\/12\/IMG_8665-scaled.jpg\" data-object-fit=\"cover\" srcset=\"https:\/\/homedeco3d.com\/wp-content\/uploads\/2023\/12\/IMG_8665-scaled.jpg 2560w, https:\/\/homedeco3d.com\/wp-content\/uploads\/2023\/12\/IMG_8665-300x225.jpg 300w, https:\/\/homedeco3d.com\/wp-content\/uploads\/2023\/12\/IMG_8665-1024x768.jpg 1024w, https:\/\/homedeco3d.com\/wp-content\/uploads\/2023\/12\/IMG_8665-768x576.jpg 768w, https:\/\/homedeco3d.com\/wp-content\/uploads\/2023\/12\/IMG_8665-1536x1152.jpg 1536w, https:\/\/homedeco3d.com\/wp-content\/uploads\/2023\/12\/IMG_8665-2048x1536.jpg 2048w\" sizes=\"(max-width: 2560px) 100vw, 2560px\" \/><div class=\"wp-block-cover__inner-container is-layout-constrained wp-block-cover-is-layout-constrained\"><style>.wp-block-kadence-advancedbtn.kb-btns14_7d439c-7d{gap:var(--global-kb-gap-xs, 0.5rem );justify-content:center;align-items:center;}.kt-btns14_7d439c-7d .kt-button{font-weight:normal;font-style:normal;}.kt-btns14_7d439c-7d .kt-btn-wrap-0{margin-right:5px;}.wp-block-kadence-advancedbtn.kt-btns14_7d439c-7d .kt-btn-wrap-0 .kt-button{color:#555555;border-color:#555555;}.wp-block-kadence-advancedbtn.kt-btns14_7d439c-7d .kt-btn-wrap-0 .kt-button:hover, .wp-block-kadence-advancedbtn.kt-btns14_7d439c-7d .kt-btn-wrap-0 .kt-button:focus{color:#ffffff;border-color:#444444;}.wp-block-kadence-advancedbtn.kt-btns14_7d439c-7d .kt-btn-wrap-0 .kt-button::before{display:none;}.wp-block-kadence-advancedbtn.kt-btns14_7d439c-7d .kt-btn-wrap-0 .kt-button:hover, .wp-block-kadence-advancedbtn.kt-btns14_7d439c-7d .kt-btn-wrap-0 .kt-button:focus{background:#444444;}<\/style>\n<div class=\"wp-block-kadence-advancedbtn kb-buttons-wrap kb-btns14_7d439c-7d\"><style>ul.menu .wp-block-kadence-advancedbtn .kb-btn14_803577-a5.kb-button{width:initial;}.wp-block-kadence-advancedbtn .kb-btn14_803577-a5.kb-button{color:#62737b;background:rgba(236,234,222,0.78);box-shadow:1px 1px 2px 0px rgba(0, 0, 0, 0.2);}.wp-block-kadence-advancedbtn .kb-btn14_803577-a5.kb-button:hover{color:#62737b;background:rgba(236,234,222,0.78);}@media all and (max-width: 1024px){.kb-btn14_803577-a5.kb-button .kb-svg-icon-wrap{display:block;}}<\/style><a class=\"kb-button kt-button button kb-btn14_803577-a5 kt-btn-size-xlarge kt-btn-width-type-auto kb-btn-global-fill kt-btn-has-text-true kt-btn-has-svg-false wp-block-kadence-singlebtn\" href=\"https:\/\/homedeco3d.com\/index.php\/decoration-pour-la-maison\/\"><span class=\"kt-btn-inner-text\">Objets d&#8217;int\u00e9rieur<\/span><\/a><\/div>\n<\/div><\/div>\n<\/div><\/div>\n\n\n<style>.kadence-column14_9bf3e9-f0 > .kt-inside-inner-col,.kadence-column14_9bf3e9-f0 > .kt-inside-inner-col:before{border-top-left-radius:0px;border-top-right-radius:0px;border-bottom-right-radius:0px;border-bottom-left-radius:0px;}.kadence-column14_9bf3e9-f0 > .kt-inside-inner-col{column-gap:var(--global-kb-gap-sm, 1rem);}.kadence-column14_9bf3e9-f0 > .kt-inside-inner-col{flex-direction:column;}.kadence-column14_9bf3e9-f0 > .kt-inside-inner-col > .aligncenter{width:100%;}.kadence-column14_9bf3e9-f0 > .kt-inside-inner-col:before{opacity:0.3;}.kadence-column14_9bf3e9-f0{position:relative;}@media all and (max-width: 1024px){.kadence-column14_9bf3e9-f0 > .kt-inside-inner-col{flex-direction:column;}}@media all and (max-width: 767px){.kadence-column14_9bf3e9-f0 > .kt-inside-inner-col{flex-direction:column;}}<\/style>\n<div class=\"wp-block-kadence-column kadence-column14_9bf3e9-f0\"><div class=\"kt-inside-inner-col\">\n<div class=\"wp-block-cover\"><span aria-hidden=\"true\" class=\"wp-block-cover__background has-background-dim-40 has-background-dim\"><\/span><img loading=\"lazy\" decoding=\"async\" width=\"768\" height=\"1024\" class=\"wp-block-cover__image-background wp-image-261\" alt=\"\" src=\"https:\/\/homedeco3d.com\/wp-content\/uploads\/2023\/12\/6cc152f8-a5d8-4dbe-b9f0-9105337fdbd2-2.jpg\" data-object-fit=\"cover\" srcset=\"https:\/\/homedeco3d.com\/wp-content\/uploads\/2023\/12\/6cc152f8-a5d8-4dbe-b9f0-9105337fdbd2-2.jpg 768w, https:\/\/homedeco3d.com\/wp-content\/uploads\/2023\/12\/6cc152f8-a5d8-4dbe-b9f0-9105337fdbd2-2-225x300.jpg 225w\" sizes=\"(max-width: 768px) 100vw, 768px\" \/><div class=\"wp-block-cover__inner-container is-layout-constrained wp-block-cover-is-layout-constrained\"><style>.wp-block-kadence-advancedbtn.kb-btns14_23874c-90{gap:var(--global-kb-gap-xs, 0.5rem );justify-content:center;align-items:center;}.kt-btns14_23874c-90 .kt-button{font-weight:normal;font-style:normal;}.kt-btns14_23874c-90 .kt-btn-wrap-0{margin-right:5px;}.wp-block-kadence-advancedbtn.kt-btns14_23874c-90 .kt-btn-wrap-0 .kt-button{color:#555555;border-color:#555555;}.wp-block-kadence-advancedbtn.kt-btns14_23874c-90 .kt-btn-wrap-0 .kt-button:hover, .wp-block-kadence-advancedbtn.kt-btns14_23874c-90 .kt-btn-wrap-0 .kt-button:focus{color:#ffffff;border-color:#444444;}.wp-block-kadence-advancedbtn.kt-btns14_23874c-90 .kt-btn-wrap-0 .kt-button::before{display:none;}.wp-block-kadence-advancedbtn.kt-btns14_23874c-90 .kt-btn-wrap-0 .kt-button:hover, .wp-block-kadence-advancedbtn.kt-btns14_23874c-90 .kt-btn-wrap-0 .kt-button:focus{background:#444444;}<\/style>\n<div class=\"wp-block-kadence-advancedbtn kb-buttons-wrap kb-btns14_23874c-90\"><style>ul.menu .wp-block-kadence-advancedbtn .kb-btn14_9fec7a-f9.kb-button{width:initial;}.wp-block-kadence-advancedbtn .kb-btn14_9fec7a-f9.kb-button{color:#62737b;background:rgba(236,234,222,0.78);box-shadow:1px 1px 2px 0px rgba(0, 0, 0, 0.2);}.wp-block-kadence-advancedbtn .kb-btn14_9fec7a-f9.kb-button:hover{color:#62737b;background:rgba(236,234,222,0.78);}@media all and (max-width: 1024px){.kb-btn14_9fec7a-f9.kb-button .kb-svg-icon-wrap{display:block;}}<\/style><a class=\"kb-button kt-button button kb-btn14_9fec7a-f9 kt-btn-size-xlarge kt-btn-width-type-auto kb-btn-global-fill kt-btn-has-text-true kt-btn-has-svg-false wp-block-kadence-singlebtn\" href=\"https:\/\/homedeco3d.com\/index.php\/noel\/\"><span class=\"kt-btn-inner-text\">Boutique de No\u00ebl<\/span><\/a><\/div>\n<\/div><\/div>\n<\/div><\/div>\n\n<\/div><\/div>\n\n<style>.kb-row-layout-id14_df70bc-4b > .kt-row-column-wrap{align-content:start;}:where(.kb-row-layout-id14_df70bc-4b > .kt-row-column-wrap) > .wp-block-kadence-column{justify-content:start;}.kb-row-layout-id14_df70bc-4b > .kt-row-column-wrap{column-gap:var(--global-kb-gap-md, 2rem);row-gap:var(--global-kb-gap-md, 2rem);padding-top:var(--global-kb-spacing-sm, 1.5rem);padding-bottom:var(--global-kb-spacing-sm, 1.5rem);grid-template-columns:minmax(0, calc(20% - ((var(--global-kb-gap-md, 2rem) * 2 )\/3))) minmax(0, calc(60% - ((var(--global-kb-gap-md, 2rem) * 2 )\/3))) minmax(0, calc(20% - ((var(--global-kb-gap-md, 2rem) * 2 )\/3)));}.kb-row-layout-id14_df70bc-4b > .kt-row-layout-overlay{opacity:0.30;}@media all and (max-width: 1024px){.kb-row-layout-id14_df70bc-4b > .kt-row-column-wrap{grid-template-columns:repeat(3, minmax(0, 1fr));}}@media all and (max-width: 767px){.kb-row-layout-id14_df70bc-4b > .kt-row-column-wrap{grid-template-columns:minmax(0, 1fr);}}<\/style><div class=\"kb-row-layout-wrap kb-row-layout-id14_df70bc-4b alignnone wp-block-kadence-rowlayout\"><div class=\"kt-row-column-wrap kt-has-3-columns kt-row-layout-equal kt-tab-layout-inherit kt-mobile-layout-row kt-row-valign-top\">\n<style>.kadence-column14_e4a708-5b > .kt-inside-inner-col,.kadence-column14_e4a708-5b > .kt-inside-inner-col:before{border-top-left-radius:0px;border-top-right-radius:0px;border-bottom-right-radius:0px;border-bottom-left-radius:0px;}.kadence-column14_e4a708-5b > .kt-inside-inner-col{column-gap:var(--global-kb-gap-sm, 1rem);}.kadence-column14_e4a708-5b > .kt-inside-inner-col{flex-direction:column;}.kadence-column14_e4a708-5b > .kt-inside-inner-col > .aligncenter{width:100%;}.kadence-column14_e4a708-5b > .kt-inside-inner-col:before{opacity:0.3;}.kadence-column14_e4a708-5b{position:relative;}@media all and (max-width: 1024px){.kadence-column14_e4a708-5b > .kt-inside-inner-col{flex-direction:column;}}@media all and (max-width: 767px){.kadence-column14_e4a708-5b > .kt-inside-inner-col{flex-direction:column;}}<\/style>\n<div class=\"wp-block-kadence-column kadence-column14_e4a708-5b\"><div class=\"kt-inside-inner-col\"><\/div><\/div>\n\n\n<style>.kadence-column14_02b3ee-45 > .kt-inside-inner-col,.kadence-column14_02b3ee-45 > .kt-inside-inner-col:before{border-top-left-radius:0px;border-top-right-radius:0px;border-bottom-right-radius:0px;border-bottom-left-radius:0px;}.kadence-column14_02b3ee-45 > .kt-inside-inner-col{column-gap:var(--global-kb-gap-sm, 1rem);}.kadence-column14_02b3ee-45 > .kt-inside-inner-col{flex-direction:column;}.kadence-column14_02b3ee-45 > .kt-inside-inner-col > .aligncenter{width:100%;}.kadence-column14_02b3ee-45 > .kt-inside-inner-col:before{opacity:0.3;}.kadence-column14_02b3ee-45{position:relative;}@media all and (max-width: 1024px){.kadence-column14_02b3ee-45 > .kt-inside-inner-col{flex-direction:column;}}@media all and (max-width: 767px){.kadence-column14_02b3ee-45 > .kt-inside-inner-col{flex-direction:column;}}<\/style>\n<div class=\"wp-block-kadence-column kadence-column14_02b3ee-45\"><div class=\"kt-inside-inner-col\">\n<div class=\"wp-block-cover\"><span aria-hidden=\"true\" class=\"wp-block-cover__background has-background-dim\"><\/span><img loading=\"lazy\" decoding=\"async\" width=\"2560\" height=\"1180\" class=\"wp-block-cover__image-background wp-image-309\" alt=\"\" src=\"https:\/\/homedeco3d.com\/wp-content\/uploads\/2023\/12\/IMG_8784-scaled.jpg\" data-object-fit=\"cover\" srcset=\"https:\/\/homedeco3d.com\/wp-content\/uploads\/2023\/12\/IMG_8784-scaled.jpg 2560w, https:\/\/homedeco3d.com\/wp-content\/uploads\/2023\/12\/IMG_8784-300x138.jpg 300w, https:\/\/homedeco3d.com\/wp-content\/uploads\/2023\/12\/IMG_8784-1024x472.jpg 1024w, https:\/\/homedeco3d.com\/wp-content\/uploads\/2023\/12\/IMG_8784-768x354.jpg 768w, https:\/\/homedeco3d.com\/wp-content\/uploads\/2023\/12\/IMG_8784-1536x708.jpg 1536w, https:\/\/homedeco3d.com\/wp-content\/uploads\/2023\/12\/IMG_8784-2048x944.jpg 2048w\" sizes=\"(max-width: 2560px) 100vw, 2560px\" \/><div class=\"wp-block-cover__inner-container is-layout-constrained wp-block-cover-is-layout-constrained\"><style>.wp-block-kadence-advancedheading.kt-adv-heading14_0ec551-bd, .wp-block-kadence-advancedheading.kt-adv-heading14_0ec551-bd[data-kb-block=\"kb-adv-heading14_0ec551-bd\"]{text-align:center;font-style:normal;}.wp-block-kadence-advancedheading.kt-adv-heading14_0ec551-bd mark, .wp-block-kadence-advancedheading.kt-adv-heading14_0ec551-bd[data-kb-block=\"kb-adv-heading14_0ec551-bd\"] mark{font-style:normal;color:#f76a0c;padding-top:0px;padding-right:0px;padding-bottom:0px;padding-left:0px;}<\/style>\n<h2 class=\"kt-adv-heading14_0ec551-bd wp-block-kadence-advancedheading\" data-kb-block=\"kb-adv-heading14_0ec551-bd\">Bient\u00f4t de nouveaux th\u00e8mes \u00e0 d\u00e9couvrir &#8230;<\/h2>\n<\/div><\/div>\n<\/div><\/div>\n\n\n<style>.kadence-column14_502c3f-32 > .kt-inside-inner-col,.kadence-column14_502c3f-32 > .kt-inside-inner-col:before{border-top-left-radius:0px;border-top-right-radius:0px;border-bottom-right-radius:0px;border-bottom-left-radius:0px;}.kadence-column14_502c3f-32 > .kt-inside-inner-col{column-gap:var(--global-kb-gap-sm, 1rem);}.kadence-column14_502c3f-32 > .kt-inside-inner-col{flex-direction:column;}.kadence-column14_502c3f-32 > .kt-inside-inner-col > .aligncenter{width:100%;}.kadence-column14_502c3f-32 > .kt-inside-inner-col:before{opacity:0.3;}.kadence-column14_502c3f-32{position:relative;}@media all and (max-width: 1024px){.kadence-column14_502c3f-32 > .kt-inside-inner-col{flex-direction:column;}}@media all and (max-width: 767px){.kadence-column14_502c3f-32 > .kt-inside-inner-col{flex-direction:column;}}<\/style>\n<div class=\"wp-block-kadence-column kadence-column14_502c3f-32\"><div class=\"kt-inside-inner-col\"><\/div><\/div>\n\n<\/div><\/div>","protected":false},"excerpt":{"rendered":"","protected":false},"author":1,"featured_media":0,"parent":0,"menu_order":0,"comment_status":"closed","ping_status":"closed","template":"","meta":{"_kad_post_transparent":"","_kad_post_title":"","_kad_post_layout":"","_kad_post_sidebar_id":"","_kad_post_content_style":"","_kad_post_vertical_padding":"","_kad_post_feature":"","_kad_post_feature_position":"","_kad_post_header":false,"_kad_post_footer":false,"footnotes":""},"_links":{"self":[{"href":"https:\/\/homedeco3d.com\/index.php\/wp-json\/wp\/v2\/pages\/14"}],"collection":[{"href":"https:\/\/homedeco3d.com\/index.php\/wp-json\/wp\/v2\/pages"}],"about":[{"href":"https:\/\/homedeco3d.com\/index.php\/wp-json\/wp\/v2\/types\/page"}],"author":[{"embeddable":true,"href":"https:\/\/homedeco3d.com\/index.php\/wp-json\/wp\/v2\/users\/1"}],"replies":[{"embeddable":true,"href":"https:\/\/homedeco3d.com\/index.php\/wp-json\/wp\/v2\/comments?post=14"}],"version-history":[{"count":11,"href":"https:\/\/homedeco3d.com\/index.php\/wp-json\/wp\/v2\/pages\/14\/revisions"}],"predecessor-version":[{"id":315,"href":"https:\/\/homedeco3d.com\/index.php\/wp-json\/wp\/v2\/pages\/14\/revisions\/315"}],"wp:attachment":[{"href":"https:\/\/homedeco3d.com\/index.php\/wp-json\/wp\/v2\/media?parent=14"}],"curies":[{"name":"wp","href":"https:\/\/api.w.org\/{rel}","templated":true}]}}