{"id":18,"date":"2023-11-20T10:19:51","date_gmt":"2023-11-20T09:19:51","guid":{"rendered":"https:\/\/homedeco3d.com\/?page_id=18"},"modified":"2023-12-05T09:26:57","modified_gmt":"2023-12-05T08:26:57","slug":"contact","status":"publish","type":"page","link":"https:\/\/homedeco3d.com\/index.php\/contact\/","title":{"rendered":"Contact"},"content":{"rendered":"<style>.kb-row-layout-id18_420cdd-8a > .kt-row-column-wrap{align-content:start;}:where(.kb-row-layout-id18_420cdd-8a > .kt-row-column-wrap) > .wp-block-kadence-column{justify-content:start;}.kb-row-layout-id18_420cdd-8a > .kt-row-column-wrap{column-gap:var(--global-kb-gap-md, 2rem);row-gap:var(--global-kb-gap-md, 2rem);padding-top:var(--global-kb-spacing-sm, 1.5rem);padding-bottom:var(--global-kb-spacing-sm, 1.5rem);grid-template-columns:repeat(2, minmax(0, 1fr));}.kb-row-layout-id18_420cdd-8a > .kt-row-layout-overlay{opacity:0.30;}@media all and (max-width: 1024px){.kb-row-layout-id18_420cdd-8a > .kt-row-column-wrap{grid-template-columns:repeat(2, minmax(0, 1fr));}}@media all and (max-width: 767px){.kb-row-layout-id18_420cdd-8a > .kt-row-column-wrap{grid-template-columns:minmax(0, 1fr);}}<\/style><div class=\"kb-row-layout-wrap kb-row-layout-id18_420cdd-8a alignnone wp-block-kadence-rowlayout\"><div class=\"kt-row-column-wrap kt-has-2-columns kt-row-layout-equal kt-tab-layout-inherit kt-mobile-layout-row kt-row-valign-top\">\n<style>.kadence-column18_f944f9-a6 > .kt-inside-inner-col,.kadence-column18_f944f9-a6 > .kt-inside-inner-col:before{border-top-left-radius:0px;border-top-right-radius:0px;border-bottom-right-radius:0px;border-bottom-left-radius:0px;}.kadence-column18_f944f9-a6 > .kt-inside-inner-col{column-gap:var(--global-kb-gap-sm, 1rem);}.kadence-column18_f944f9-a6 > .kt-inside-inner-col{flex-direction:column;}.kadence-column18_f944f9-a6 > .kt-inside-inner-col > .aligncenter{width:100%;}.kadence-column18_f944f9-a6 > .kt-inside-inner-col:before{opacity:0.3;}.kadence-column18_f944f9-a6{position:relative;}@media all and (max-width: 1024px){.kadence-column18_f944f9-a6 > .kt-inside-inner-col{flex-direction:column;}}@media all and (max-width: 767px){.kadence-column18_f944f9-a6 > .kt-inside-inner-col{flex-direction:column;}}<\/style>\n<div class=\"wp-block-kadence-column kadence-column18_f944f9-a6\"><div class=\"kt-inside-inner-col\"><style>.kb-row-layout-id18_420c21-5d > .kt-row-column-wrap{align-content:start;}:where(.kb-row-layout-id18_420c21-5d > .kt-row-column-wrap) > .wp-block-kadence-column{justify-content:start;}.kb-row-layout-id18_420c21-5d > .kt-row-column-wrap{column-gap:var(--global-kb-gap-md, 2rem);row-gap:var(--global-kb-gap-md, 2rem);padding-top:var(--global-kb-spacing-xxl, 5rem);padding-bottom:var(--global-kb-spacing-sm, 1.5rem);grid-template-columns:minmax(0, 1fr);}.kb-row-layout-id18_420c21-5d > .kt-row-layout-overlay{opacity:0.30;}@media all and (max-width: 1024px){.kb-row-layout-id18_420c21-5d > .kt-row-column-wrap{grid-template-columns:repeat(3, minmax(0, 1fr));}}@media all and (max-width: 767px){.kb-row-layout-id18_420c21-5d > .kt-row-column-wrap{grid-template-columns:minmax(0, 1fr);}}<\/style><div class=\"kb-row-layout-wrap kb-row-layout-id18_420c21-5d aligncenter wp-block-kadence-rowlayout\"><div class=\"kt-row-column-wrap kt-has-3-columns kt-row-layout-row kt-tab-layout-inherit kt-mobile-layout-row kt-row-valign-top\">\n<style>.kadence-column18_be1325-d1 > .kt-inside-inner-col,.kadence-column18_be1325-d1 > .kt-inside-inner-col:before{border-top-left-radius:0px;border-top-right-radius:0px;border-bottom-right-radius:0px;border-bottom-left-radius:0px;}.kadence-column18_be1325-d1 > .kt-inside-inner-col{column-gap:var(--global-kb-gap-sm, 1rem);}.kadence-column18_be1325-d1 > .kt-inside-inner-col{flex-direction:column;}.kadence-column18_be1325-d1 > .kt-inside-inner-col > .aligncenter{width:100%;}.kadence-column18_be1325-d1 > .kt-inside-inner-col:before{opacity:0.3;}.kadence-column18_be1325-d1{position:relative;}@media all and (max-width: 1024px){.kadence-column18_be1325-d1 > .kt-inside-inner-col{flex-direction:column;}}@media all and (max-width: 767px){.kadence-column18_be1325-d1 > .kt-inside-inner-col{flex-direction:column;}}<\/style>\n<div class=\"wp-block-kadence-column kadence-column18_be1325-d1\"><div class=\"kt-inside-inner-col\"><style>.wp-block-kadence-advancedheading.kt-adv-heading18_d7e099-95, .wp-block-kadence-advancedheading.kt-adv-heading18_d7e099-95[data-kb-block=\"kb-adv-heading18_d7e099-95\"]{text-align:center;font-size:var(--global-kb-font-size-md, 1.25rem);font-style:normal;color:#62737b;}.wp-block-kadence-advancedheading.kt-adv-heading18_d7e099-95 mark, .wp-block-kadence-advancedheading.kt-adv-heading18_d7e099-95[data-kb-block=\"kb-adv-heading18_d7e099-95\"] mark{font-style:normal;color:#f76a0c;padding-top:0px;padding-right:0px;padding-bottom:0px;padding-left:0px;}<\/style>\n<h2 class=\"kt-adv-heading18_d7e099-95 wp-block-kadence-advancedheading\" data-kb-block=\"kb-adv-heading18_d7e099-95\">N&#8217;h\u00e9sitez pas \u00e0 nous contacter pour tout projet ou informations<\/h2>\n\n\n<style>.wp-block-kadence-advancedheading.kt-adv-heading18_a5a929-90, .wp-block-kadence-advancedheading.kt-adv-heading18_a5a929-90[data-kb-block=\"kb-adv-heading18_a5a929-90\"]{text-align:center;font-size:var(--global-kb-font-size-md, 1.25rem);font-weight:400;font-style:normal;font-family:Alata;color:#62737b;}.wp-block-kadence-advancedheading.kt-adv-heading18_a5a929-90 mark, .wp-block-kadence-advancedheading.kt-adv-heading18_a5a929-90[data-kb-block=\"kb-adv-heading18_a5a929-90\"] mark{font-style:normal;color:#f76a0c;padding-top:0px;padding-right:0px;padding-bottom:0px;padding-left:0px;}<\/style>\n<h2 class=\"kt-adv-heading18_a5a929-90 wp-block-kadence-advancedheading\" data-kb-block=\"kb-adv-heading18_a5a929-90\">contact@homedeco3d.com <\/h2>\n<\/div><\/div>\n\n\n<style>.kadence-column18_2753b6-01 > .kt-inside-inner-col,.kadence-column18_2753b6-01 > .kt-inside-inner-col:before{border-top-left-radius:0px;border-top-right-radius:0px;border-bottom-right-radius:0px;border-bottom-left-radius:0px;}.kadence-column18_2753b6-01 > .kt-inside-inner-col{column-gap:var(--global-kb-gap-sm, 1rem);}.kadence-column18_2753b6-01 > .kt-inside-inner-col{flex-direction:column;}.kadence-column18_2753b6-01 > .kt-inside-inner-col > .aligncenter{width:100%;}.kadence-column18_2753b6-01 > .kt-inside-inner-col:before{opacity:0.3;}.kadence-column18_2753b6-01{position:relative;}@media all and (max-width: 1024px){.kadence-column18_2753b6-01 > .kt-inside-inner-col{flex-direction:column;}}@media all and (max-width: 767px){.kadence-column18_2753b6-01 > .kt-inside-inner-col{flex-direction:column;}}<\/style>\n<div class=\"wp-block-kadence-column kadence-column18_2753b6-01\"><div class=\"kt-inside-inner-col\"><style>.wp-block-kadence-advancedheading.kt-adv-heading18_3afa47-c2, .wp-block-kadence-advancedheading.kt-adv-heading18_3afa47-c2[data-kb-block=\"kb-adv-heading18_3afa47-c2\"]{text-align:center;font-size:var(--global-kb-font-size-md, 1.25rem);font-style:normal;color:#62737b;}.wp-block-kadence-advancedheading.kt-adv-heading18_3afa47-c2 mark, .wp-block-kadence-advancedheading.kt-adv-heading18_3afa47-c2[data-kb-block=\"kb-adv-heading18_3afa47-c2\"] mark{font-style:normal;color:#f76a0c;padding-top:0px;padding-right:0px;padding-bottom:0px;padding-left:0px;}<\/style>\n<h2 class=\"kt-adv-heading18_3afa47-c2 wp-block-kadence-advancedheading\" data-kb-block=\"kb-adv-heading18_3afa47-c2\">Vous pouvez \u00e9galement nous suivre sur<\/h2>\n<\/div><\/div>\n\n\n<style>.kadence-column18_0c8450-24 > .kt-inside-inner-col,.kadence-column18_0c8450-24 > .kt-inside-inner-col:before{border-top-left-radius:0px;border-top-right-radius:0px;border-bottom-right-radius:0px;border-bottom-left-radius:0px;}.kadence-column18_0c8450-24 > .kt-inside-inner-col{column-gap:var(--global-kb-gap-sm, 1rem);}.kadence-column18_0c8450-24 > .kt-inside-inner-col{flex-direction:column;}.kadence-column18_0c8450-24 > .kt-inside-inner-col > .aligncenter{width:100%;}.kadence-column18_0c8450-24 > .kt-inside-inner-col:before{opacity:0.3;}.kadence-column18_0c8450-24{position:relative;}@media all and (max-width: 1024px){.kadence-column18_0c8450-24 > .kt-inside-inner-col{flex-direction:column;}}@media all and (max-width: 767px){.kadence-column18_0c8450-24 > .kt-inside-inner-col{flex-direction:column;}}<\/style>\n<div class=\"wp-block-kadence-column kadence-column18_0c8450-24\"><div class=\"kt-inside-inner-col\"><style>.kb-row-layout-id18_adfdc9-94 > .kt-row-column-wrap{align-content:start;}:where(.kb-row-layout-id18_adfdc9-94 > .kt-row-column-wrap) > .wp-block-kadence-column{justify-content:start;}.kb-row-layout-id18_adfdc9-94 > .kt-row-column-wrap{column-gap:var(--global-kb-gap-md, 2rem);row-gap:var(--global-kb-gap-md, 2rem);padding-bottom:var(--global-kb-spacing-sm, 1.5rem);grid-template-columns:repeat(2, minmax(0, 1fr));}.kb-row-layout-id18_adfdc9-94 > .kt-row-layout-overlay{opacity:0.30;}@media all and (max-width: 1024px){.kb-row-layout-id18_adfdc9-94 > .kt-row-column-wrap{grid-template-columns:repeat(2, minmax(0, 1fr));}}@media all and (max-width: 767px){.kb-row-layout-id18_adfdc9-94 > .kt-row-column-wrap{grid-template-columns:minmax(0, 1fr);}}<\/style><div class=\"kb-row-layout-wrap kb-row-layout-id18_adfdc9-94 alignnone wp-block-kadence-rowlayout\"><div class=\"kt-row-column-wrap kt-has-2-columns kt-row-layout-equal kt-tab-layout-inherit kt-mobile-layout-row kt-row-valign-top\">\n<style>.kadence-column18_572a0d-00 > .kt-inside-inner-col,.kadence-column18_572a0d-00 > .kt-inside-inner-col:before{border-top-left-radius:0px;border-top-right-radius:0px;border-bottom-right-radius:0px;border-bottom-left-radius:0px;}.kadence-column18_572a0d-00 > .kt-inside-inner-col{column-gap:var(--global-kb-gap-sm, 1rem);}.kadence-column18_572a0d-00 > .kt-inside-inner-col{flex-direction:column;}.kadence-column18_572a0d-00 > .kt-inside-inner-col > .aligncenter{width:100%;}.kadence-column18_572a0d-00 > .kt-inside-inner-col:before{opacity:0.3;}.kadence-column18_572a0d-00{position:relative;}@media all and (max-width: 1024px){.kadence-column18_572a0d-00 > .kt-inside-inner-col{flex-direction:column;}}@media all and (max-width: 767px){.kadence-column18_572a0d-00 > .kt-inside-inner-col{flex-direction:column;}}<\/style>\n<div class=\"wp-block-kadence-column kadence-column18_572a0d-00\"><div class=\"kt-inside-inner-col\"><style>.wp-block-kadence-advancedbtn.kb-btns18_dc8efe-54{gap:var(--global-kb-gap-xs, 0.5rem );justify-content:flex-end;align-items:center;}.kt-btns18_dc8efe-54 .kt-button{font-weight:normal;font-style:normal;}.kt-btns18_dc8efe-54 .kt-btn-wrap-0{margin-right:5px;}.wp-block-kadence-advancedbtn.kt-btns18_dc8efe-54 .kt-btn-wrap-0 .kt-button{color:#555555;border-color:#555555;}.wp-block-kadence-advancedbtn.kt-btns18_dc8efe-54 .kt-btn-wrap-0 .kt-button:hover, .wp-block-kadence-advancedbtn.kt-btns18_dc8efe-54 .kt-btn-wrap-0 .kt-button:focus{color:#ffffff;border-color:#444444;}.wp-block-kadence-advancedbtn.kt-btns18_dc8efe-54 .kt-btn-wrap-0 .kt-button::before{display:none;}.wp-block-kadence-advancedbtn.kt-btns18_dc8efe-54 .kt-btn-wrap-0 .kt-button:hover, .wp-block-kadence-advancedbtn.kt-btns18_dc8efe-54 .kt-btn-wrap-0 .kt-button:focus{background:#444444;}@media all and (max-width: 767px){.wp-block-kadence-advancedbtn.kb-btns18_dc8efe-54{justify-content:center;}}<\/style>\n<div class=\"wp-block-kadence-advancedbtn kb-buttons-wrap kb-btns18_dc8efe-54\"><style>ul.menu .wp-block-kadence-advancedbtn .kb-btn18_1a5be6-73.kb-button{width:initial;}.wp-block-kadence-advancedbtn .kb-btn18_1a5be6-73.kb-button{color:#62737b;background:#eceade;box-shadow:1px 1px 2px 0px rgba(0, 0, 0, 0.2);}.kb-btn18_1a5be6-73.kb-button .kt-btn-inner-text{display:none;}@media all and (max-width: 1024px){.kb-btn18_1a5be6-73.kb-button .kb-svg-icon-wrap{display:block;}}<\/style><span class=\"kb-button kt-button button kb-btn18_1a5be6-73 kt-btn-size-xlarge kt-btn-width-type-auto kb-btn-global-inherit kt-btn-has-text-false kt-btn-has-svg-true wp-block-button__link wp-block-kadence-singlebtn\"><span class=\"kb-svg-icon-wrap kb-svg-icon-fa_facebook-n kt-btn-icon-side-right\"><svg viewBox=\"0 0 512 512\"  fill=\"currentColor\" xmlns=\"http:\/\/www.w3.org\/2000\/svg\"  aria-hidden=\"true\"><path d=\"M504 256C504 119 393 8 256 8S8 119 8 256c0 123.78 90.69 226.38 209.25 245V327.69h-63V256h63v-54.64c0-62.15 37-96.48 93.67-96.48 27.14 0 55.52 4.84 55.52 4.84v61h-31.28c-30.8 0-40.41 19.12-40.41 38.73V256h68.78l-11 71.69h-57.78V501C413.31 482.38 504 379.78 504 256z\"\/><\/svg><\/span><\/span><\/div>\n<\/div><\/div>\n\n\n<style>.kadence-column18_488d35-2f > .kt-inside-inner-col,.kadence-column18_488d35-2f > .kt-inside-inner-col:before{border-top-left-radius:0px;border-top-right-radius:0px;border-bottom-right-radius:0px;border-bottom-left-radius:0px;}.kadence-column18_488d35-2f > .kt-inside-inner-col{column-gap:var(--global-kb-gap-sm, 1rem);}.kadence-column18_488d35-2f > .kt-inside-inner-col{flex-direction:column;}.kadence-column18_488d35-2f > .kt-inside-inner-col > .aligncenter{width:100%;}.kadence-column18_488d35-2f > .kt-inside-inner-col:before{opacity:0.3;}.kadence-column18_488d35-2f{position:relative;}@media all and (max-width: 1024px){.kadence-column18_488d35-2f > .kt-inside-inner-col{flex-direction:column;}}@media all and (max-width: 767px){.kadence-column18_488d35-2f > .kt-inside-inner-col{flex-direction:column;}}<\/style>\n<div class=\"wp-block-kadence-column kadence-column18_488d35-2f\"><div class=\"kt-inside-inner-col\"><style>.wp-block-kadence-advancedbtn.kb-btns18_6a9e57-e6{gap:var(--global-kb-gap-xs, 0.5rem );justify-content:flex-start;align-items:center;}.kt-btns18_6a9e57-e6 .kt-button{font-weight:normal;font-style:normal;}.kt-btns18_6a9e57-e6 .kt-btn-wrap-0{margin-right:5px;}.wp-block-kadence-advancedbtn.kt-btns18_6a9e57-e6 .kt-btn-wrap-0 .kt-button{color:#555555;border-color:#555555;}.wp-block-kadence-advancedbtn.kt-btns18_6a9e57-e6 .kt-btn-wrap-0 .kt-button:hover, .wp-block-kadence-advancedbtn.kt-btns18_6a9e57-e6 .kt-btn-wrap-0 .kt-button:focus{color:#ffffff;border-color:#444444;}.wp-block-kadence-advancedbtn.kt-btns18_6a9e57-e6 .kt-btn-wrap-0 .kt-button::before{display:none;}.wp-block-kadence-advancedbtn.kt-btns18_6a9e57-e6 .kt-btn-wrap-0 .kt-button:hover, .wp-block-kadence-advancedbtn.kt-btns18_6a9e57-e6 .kt-btn-wrap-0 .kt-button:focus{background:#444444;}@media all and (max-width: 767px){.wp-block-kadence-advancedbtn.kb-btns18_6a9e57-e6{justify-content:center;}}<\/style>\n<div class=\"wp-block-kadence-advancedbtn kb-buttons-wrap kb-btns18_6a9e57-e6\"><style>ul.menu .wp-block-kadence-advancedbtn .kb-btn18_c56603-68.kb-button{width:initial;}.wp-block-kadence-advancedbtn .kb-btn18_c56603-68.kb-button{color:#62737b;background:#eceade;box-shadow:1px 1px 2px 0px rgba(0, 0, 0, 0.2);}.kb-btn18_c56603-68.kb-button .kt-btn-inner-text{display:none;}@media all and (max-width: 1024px){.kb-btn18_c56603-68.kb-button .kb-svg-icon-wrap{display:block;}}<\/style><span class=\"kb-button kt-button button kb-btn18_c56603-68 kt-btn-size-xlarge kt-btn-width-type-auto kb-btn-global-inherit kt-btn-has-text-false kt-btn-has-svg-true wp-block-button__link wp-block-kadence-singlebtn\"><span class=\"kb-svg-icon-wrap kb-svg-icon-fe_instagram kt-btn-icon-side-right\"><svg viewBox=\"0 0 24 24\"  fill=\"none\" stroke=\"currentColor\" stroke-width=\"2\" stroke-linecap=\"round\" stroke-linejoin=\"round\" xmlns=\"http:\/\/www.w3.org\/2000\/svg\"  aria-hidden=\"true\"><rect x=\"2\" y=\"2\" width=\"20\" height=\"20\" rx=\"5\" ry=\"5\"\/><path d=\"M16 11.37A4 4 0 1 1 12.63 8 4 4 0 0 1 16 11.37z\"\/><line x1=\"17.5\" y1=\"6.5\" x2=\"17.5\" y2=\"6.5\"\/><\/svg><\/span><\/span><\/div>\n<\/div><\/div>\n\n<\/div><\/div><\/div><\/div>\n\n<\/div><\/div><\/div><\/div>\n\n\n<style>.kadence-column18_bca414-63 > .kt-inside-inner-col,.kadence-column18_bca414-63 > .kt-inside-inner-col:before{border-top-left-radius:0px;border-top-right-radius:0px;border-bottom-right-radius:0px;border-bottom-left-radius:0px;}.kadence-column18_bca414-63 > .kt-inside-inner-col{column-gap:var(--global-kb-gap-sm, 1rem);}.kadence-column18_bca414-63 > .kt-inside-inner-col{flex-direction:column;}.kadence-column18_bca414-63 > .kt-inside-inner-col > .aligncenter{width:100%;}.kadence-column18_bca414-63 > .kt-inside-inner-col:before{opacity:0.3;}.kadence-column18_bca414-63{position:relative;}@media all and (max-width: 1024px){.kadence-column18_bca414-63 > .kt-inside-inner-col{flex-direction:column;}}@media all and (max-width: 767px){.kadence-column18_bca414-63 > .kt-inside-inner-col{flex-direction:column;}}<\/style>\n<div class=\"wp-block-kadence-column kadence-column18_bca414-63\"><div class=\"kt-inside-inner-col\"><style>.kadence-form-18_b06c3f-03 .kb-form .kadence-blocks-form-field .kb-text-style-field, .kadence-form-18_b06c3f-03 .kb-form .kadence-blocks-form-field .kb-select-style-field{color:#62737b;font-size:var(--global-kb-font-size-sm, 0.9rem);background:#eceade;border-color:rgba(255, 255, 255, 0);box-shadow:1px 1px 2px 0px rgba(0, 0, 0, 0.2);}.kadence-form-18_b06c3f-03 .kb-form .kadence-blocks-form-field > label{color:#62737b;text-transform:none;font-family:Alata;font-style:normal;font-weight:400;}.kadence-form-18_b06c3f-03 .kb-form .kadence-blocks-form-field .kb-forms-submit{color:#62737b;background:#eceade;box-shadow:1px 1px 2px 0px rgba(0, 0, 0, 0.2);}<\/style>\n<div class=\"wp-block-kadence-form kadence-form-18_b06c3f-03 kb-form-wrap\"><form class=\"kb-form\" action=\"\" method=\"post\"><div class=\"kadence-blocks-form-field kb-field-desk-width-100 kb-input-size-standard\"><label for=\"kb_field_18_b06c3f-03_0\">Nom<\/label><input name=\"kb_field_0\" id=\"kb_field_18_b06c3f-03_0\" data-label=\"Nom\" type=\"text\" placeholder=\"\" value=\"\" data-type=\"text\" class=\"kb-field kb-text-style-field kb-text-field kb-field-0\" data-required=\"yes\"\/><\/div><div class=\"kadence-blocks-form-field kb-form-field-1 kb-field-desk-width-100 kb-input-size-standard\"><label for=\"kb_field_18_b06c3f-03_1\">Email<\/label><input name=\"kb_field_1\" id=\"kb_field_18_b06c3f-03_1\" data-label=\"Email\" type=\"email\" placeholder=\"\" value=\"\" data-type=\"email\" class=\"kb-field kb-text-style-field kb-email-field kb-field-1\" data-required=\"yes\"\/><\/div><div class=\"kadence-blocks-form-field kb-form-field-2 kb-field-desk-width-100 kb-input-size-standard\"><label for=\"kb_field_18_b06c3f-03_2\">Objet<\/label><input name=\"kb_field_2\" id=\"kb_field_18_b06c3f-03_2\" data-label=\"Objet\" type=\"text\" placeholder=\"\" value=\"\" data-type=\"text\" class=\"kb-field kb-text-style-field kb-text-field kb-field-2\" data-required=\"yes\"\/><\/div><div class=\"kadence-blocks-form-field kb-form-field-3 kb-field-desk-width-100 kb-input-size-standard\"><label for=\"kb_field_18_b06c3f-03_3\">Message<\/label><textarea name=\"kb_field_3\" id=\"kb_field_18_b06c3f-03_3\" data-label=\"Message\" type=\"textarea\" placeholder=\"\" data-type=\"textarea\" class=\"kb-field kb-text-style-field kb-textarea-field kb-field-3\" rows=\"4\" data-required=\"yes\"><\/textarea><\/div><input type=\"hidden\" name=\"_kb_form_id\" value=\"18_b06c3f-03\"\/><input type=\"hidden\" name=\"_kb_form_post_id\" value=\"18\"\/><input type=\"hidden\" name=\"action\" value=\"kb_process_ajax_submit\"\/><input class=\"kadence-blocks-field verify\" type=\"text\" name=\"_kb_verify_email\" autocomplete=\"new-password\" aria-hidden=\"true\" placeholder=\"Email\" tabindex=\"-1\" data-1p-ignore=\"true\" data-lpignore=\"true\" \/><div class=\"kadence-blocks-form-field kb-submit-field kb-field-desk-width-100\"><button class=\"kb-forms-submit button kb-button-size-standard kb-button-width-auto\">Envoyer<\/button><\/div><\/form><\/div>\n<noscript><div class=\"kadence-blocks-form-message kadence-blocks-form-warning\">Please enable JavaScript in your browser to submit the form<\/div><style>.kadence-form-18_b06c3f-03 .kadence-blocks-form-field.kb-submit-field { display: none; }<\/style><\/noscript><\/div><\/div>\n\n<\/div><\/div>","protected":false},"excerpt":{"rendered":"<p>N&#8217;h\u00e9sitez pas \u00e0 nous contacter pour tout projet ou informations contact@homedeco3d.com Vous pouvez \u00e9galement nous suivre sur<\/p>\n","protected":false},"author":1,"featured_media":0,"parent":0,"menu_order":0,"comment_status":"closed","ping_status":"closed","template":"","meta":{"_kad_post_transparent":"","_kad_post_title":"","_kad_post_layout":"default","_kad_post_sidebar_id":"","_kad_post_content_style":"","_kad_post_vertical_padding":"","_kad_post_feature":"","_kad_post_feature_position":"","_kad_post_header":false,"_kad_post_footer":false,"footnotes":""},"_links":{"self":[{"href":"https:\/\/homedeco3d.com\/index.php\/wp-json\/wp\/v2\/pages\/18"}],"collection":[{"href":"https:\/\/homedeco3d.com\/index.php\/wp-json\/wp\/v2\/pages"}],"about":[{"href":"https:\/\/homedeco3d.com\/index.php\/wp-json\/wp\/v2\/types\/page"}],"author":[{"embeddable":true,"href":"https:\/\/homedeco3d.com\/index.php\/wp-json\/wp\/v2\/users\/1"}],"replies":[{"embeddable":true,"href":"https:\/\/homedeco3d.com\/index.php\/wp-json\/wp\/v2\/comments?post=18"}],"version-history":[{"count":21,"href":"https:\/\/homedeco3d.com\/index.php\/wp-json\/wp\/v2\/pages\/18\/revisions"}],"predecessor-version":[{"id":464,"href":"https:\/\/homedeco3d.com\/index.php\/wp-json\/wp\/v2\/pages\/18\/revisions\/464"}],"wp:attachment":[{"href":"https:\/\/homedeco3d.com\/index.php\/wp-json\/wp\/v2\/media?parent=18"}],"curies":[{"name":"wp","href":"https:\/\/api.w.org\/{rel}","templated":true}]}}